{"id":252,"date":"2024-10-15T09:30:28","date_gmt":"2024-10-15T09:30:28","guid":{"rendered":"https:\/\/beta.bunhocentro.pt\/?post_type=product&#038;p=252"},"modified":"2024-10-16T10:51:07","modified_gmt":"2024-10-16T10:51:07","slug":"lavatorio-marvao","status":"publish","type":"product","link":"https:\/\/www.bunhocentro.pt\/?product=lavatorio-marvao","title":{"rendered":"Lavat\u00f3rio Marv\u00e3o"},"content":{"rendered":"<p>Lavat\u00f3rio de pousar Marv\u00e3o.<\/p>\n<p>Medidas: 48,5 x 35 x 13<\/p>\n<p>Cor branca<\/p>\n<p>&nbsp;<\/p>\n<p>&nbsp;<\/p>\n","protected":false},"excerpt":{"rendered":"<p>Lavat\u00f3rio de pousar Marv\u00e3o. Medidas: 48,5 x 35 x 13 Cor branca &nbsp; &nbsp;<\/p>\n","protected":false},"featured_media":253,"comment_status":"open","ping_status":"closed","template":"","meta":{"jetpack_post_was_ever_published":false},"product_cat":[22],"product_tag":[],"class_list":{"0":"post-252","1":"product","2":"type-product","3":"status-publish","4":"has-post-thumbnail","6":"product_cat-sanitarios","7":"product_shipping_class-sanitarios","9":"first","10":"instock","11":"taxable","12":"shipping-taxable","13":"purchasable","14":"product-type-simple"},"jetpack_sharing_enabled":true,"_links":{"self":[{"href":"https:\/\/www.bunhocentro.pt\/index.php?rest_route=\/wp\/v2\/product\/252","targetHints":{"allow":["GET"]}}],"collection":[{"href":"https:\/\/www.bunhocentro.pt\/index.php?rest_route=\/wp\/v2\/product"}],"about":[{"href":"https:\/\/www.bunhocentro.pt\/index.php?rest_route=\/wp\/v2\/types\/product"}],"replies":[{"embeddable":true,"href":"https:\/\/www.bunhocentro.pt\/index.php?rest_route=%2Fwp%2Fv2%2Fcomments&post=252"}],"wp:featuredmedia":[{"embeddable":true,"href":"https:\/\/www.bunhocentro.pt\/index.php?rest_route=\/wp\/v2\/media\/253"}],"wp:attachment":[{"href":"https:\/\/www.bunhocentro.pt\/index.php?rest_route=%2Fwp%2Fv2%2Fmedia&parent=252"}],"wp:term":[{"taxonomy":"product_cat","embeddable":true,"href":"https:\/\/www.bunhocentro.pt\/index.php?rest_route=%2Fwp%2Fv2%2Fproduct_cat&post=252"},{"taxonomy":"product_tag","embeddable":true,"href":"https:\/\/www.bunhocentro.pt\/index.php?rest_route=%2Fwp%2Fv2%2Fproduct_tag&post=252"}],"curies":[{"name":"wp","href":"https:\/\/api.w.org\/{rel}","templated":true}]}}